{"id":19,"date":"2022-02-03T09:26:15","date_gmt":"2022-02-03T08:26:15","guid":{"rendered":"https:\/\/sezer-grill.de\/?page_id=19"},"modified":"2023-10-16T19:01:13","modified_gmt":"2023-10-16T17:01:13","slug":"ueber-uns","status":"publish","type":"page","link":"https:\/\/sezer-grill.de\/?page_id=19","title":{"rendered":"\u00dcber uns"},"content":{"rendered":"\t\t<div data-elementor-type=\"wp-page\" data-elementor-id=\"19\" class=\"elementor elementor-19\" data-elementor-post-type=\"page\">\n\t\t\t\t\t\t\t<div class=\"elementor-element elementor-element-ae8aa4d e-flex e-con-boxed e-con e-parent\" data-id=\"ae8aa4d\" data-element_type=\"container\" data-settings=\"{&quot;background_background&quot;:&quot;classic&quot;,&quot;shape_divider_bottom&quot;:&quot;mountains&quot;,&quot;content_width&quot;:&quot;boxed&quot;}\" data-core-v316-plus=\"true\">\n\t\t\t\t\t<div class=\"e-con-inner\">\n\t\t\t\t<div class=\"elementor-shape elementor-shape-bottom\" data-negative=\"false\">\n\t\t\t<svg xmlns=\"http:\/\/www.w3.org\/2000\/svg\" viewBox=\"0 0 1000 100\" preserveAspectRatio=\"none\">\n\t<path class=\"elementor-shape-fill\" opacity=\"0.33\" d=\"M473,67.3c-203.9,88.3-263.1-34-320.3,0C66,119.1,0,59.7,0,59.7V0h1000v59.7 c0,0-62.1,26.1-94.9,29.3c-32.8,3.3-62.8-12.3-75.8-22.1C806,49.6,745.3,8.7,694.9,4.7S492.4,59,473,67.3z\"\/>\n\t<path class=\"elementor-shape-fill\" opacity=\"0.66\" d=\"M734,67.3c-45.5,0-77.2-23.2-129.1-39.1c-28.6-8.7-150.3-10.1-254,39.1 s-91.7-34.4-149.2,0C115.7,118.3,0,39.8,0,39.8V0h1000v36.5c0,0-28.2-18.5-92.1-18.5C810.2,18.1,775.7,67.3,734,67.3z\"\/>\n\t<path class=\"elementor-shape-fill\" d=\"M766.1,28.9c-200-57.5-266,65.5-395.1,19.5C242,1.8,242,5.4,184.8,20.6C128,35.8,132.3,44.9,89.9,52.5C28.6,63.7,0,0,0,0 h1000c0,0-9.9,40.9-83.6,48.1S829.6,47,766.1,28.9z\"\/>\n<\/svg>\t\t<\/div>\n\t\t<div class=\"elementor-element elementor-element-0b404c3 e-con-full e-flex e-con e-child\" data-id=\"0b404c3\" data-element_type=\"container\" data-settings=\"{&quot;content_width&quot;:&quot;full&quot;}\">\n\t\t\t\t<div class=\"elementor-element elementor-element-51ac28e elementor-hidden-tablet elementor-widget elementor-widget-spacer\" data-id=\"51ac28e\" data-element_type=\"widget\" data-widget_type=\"spacer.default\">\n\t\t\t\t<div class=\"elementor-widget-container\">\n\t\t\t<style>\/*! elementor - v3.16.0 - 20-09-2023 *\/\n.elementor-column .elementor-spacer-inner{height:var(--spacer-size)}.e-con{--container-widget-width:100%}.e-con-inner>.elementor-widget-spacer,.e-con>.elementor-widget-spacer{width:var(--container-widget-width,var(--spacer-size));--align-self:var(--container-widget-align-self,initial);--flex-shrink:0}.e-con-inner>.elementor-widget-spacer>.elementor-widget-container,.e-con>.elementor-widget-spacer>.elementor-widget-container{height:100%;width:100%}.e-con-inner>.elementor-widget-spacer>.elementor-widget-container>.elementor-spacer,.e-con>.elementor-widget-spacer>.elementor-widget-container>.elementor-spacer{height:100%}.e-con-inner>.elementor-widget-spacer>.elementor-widget-container>.elementor-spacer>.elementor-spacer-inner,.e-con>.elementor-widget-spacer>.elementor-widget-container>.elementor-spacer>.elementor-spacer-inner{height:var(--container-widget-height,var(--spacer-size))}.e-con-inner>.elementor-widget-spacer.elementor-widget-empty,.e-con>.elementor-widget-spacer.elementor-widget-empty{position:relative;min-height:22px;min-width:22px}.e-con-inner>.elementor-widget-spacer.elementor-widget-empty .elementor-widget-empty-icon,.e-con>.elementor-widget-spacer.elementor-widget-empty .elementor-widget-empty-icon{position:absolute;top:0;bottom:0;left:0;right:0;margin:auto;padding:0;width:22px;height:22px}<\/style>\t\t<div class=\"elementor-spacer\">\n\t\t\t<div class=\"elementor-spacer-inner\"><\/div>\n\t\t<\/div>\n\t\t\t\t<\/div>\n\t\t\t\t<\/div>\n\t\t\t\t<div class=\"elementor-element elementor-element-ce5ec8f elementor-invisible elementor-widget elementor-widget-heading\" data-id=\"ce5ec8f\" data-element_type=\"widget\" data-settings=\"{&quot;_animation&quot;:&quot;fadeIn&quot;}\" data-widget_type=\"heading.default\">\n\t\t\t\t<div class=\"elementor-widget-container\">\n\t\t\t<style>\/*! elementor - v3.16.0 - 20-09-2023 *\/\n.elementor-heading-title{padding:0;margin:0;line-height:1}.elementor-widget-heading .elementor-heading-title[class*=elementor-size-]>a{color:inherit;font-size:inherit;line-height:inherit}.elementor-widget-heading .elementor-heading-title.elementor-size-small{font-size:15px}.elementor-widget-heading .elementor-heading-title.elementor-size-medium{font-size:19px}.elementor-widget-heading .elementor-heading-title.elementor-size-large{font-size:29px}.elementor-widget-heading .elementor-heading-title.elementor-size-xl{font-size:39px}.elementor-widget-heading .elementor-heading-title.elementor-size-xxl{font-size:59px}<\/style><h2 class=\"elementor-heading-title elementor-size-default\">Sezer Grill<\/h2>\t\t<\/div>\n\t\t\t\t<\/div>\n\t\t\t\t<div class=\"elementor-element elementor-element-f0b6805 elementor-invisible elementor-widget elementor-widget-text-editor\" data-id=\"f0b6805\" data-element_type=\"widget\" data-settings=\"{&quot;_animation&quot;:&quot;fadeInLeft&quot;}\" data-widget_type=\"text-editor.default\">\n\t\t\t\t<div class=\"elementor-widget-container\">\n\t\t\t<style>\/*! elementor - v3.16.0 - 20-09-2023 *\/\n.elementor-widget-text-editor.elementor-drop-cap-view-stacked .elementor-drop-cap{background-color:#69727d;color:#fff}.elementor-widget-text-editor.elementor-drop-cap-view-framed .elementor-drop-cap{color:#69727d;border:3px solid;background-color:transparent}.elementor-widget-text-editor:not(.elementor-drop-cap-view-default) .elementor-drop-cap{margin-top:8px}.elementor-widget-text-editor:not(.elementor-drop-cap-view-default) .elementor-drop-cap-letter{width:1em;height:1em}.elementor-widget-text-editor .elementor-drop-cap{float:left;text-align:center;line-height:1;font-size:50px}.elementor-widget-text-editor .elementor-drop-cap-letter{display:inline-block}<\/style>\t\t\t\t<p>Willkommen bei Sezer Grill, dem Herzen von Giengen! Unser Familienbetrieb \u00f6ffnete 1997 seine T\u00fcren und hat sich seitdem zu einem kulinarischen Wahrzeichen in unserer Stadt entwickelt. Unsere Geschichte ist von Tradition, Hingabe und dem Streben nach Geschmack gepr\u00e4gt.<\/p><p>Unser Imbiss ist mehr als nur ein Ort zum Essen; er ist ein Treffpunkt f\u00fcr die Gemeinschaft. Hier kommen Freunde und Familien zusammen, um k\u00f6stliche Grillgerichte und eine herzliche Atmosph\u00e4re zu genie\u00dfen.<\/p><p>\u00a0<\/p>\t\t\t\t\t\t<\/div>\n\t\t\t\t<\/div>\n\t\t\t\t<div class=\"elementor-element elementor-element-c9b10a6 elementor-invisible elementor-widget elementor-widget-image\" data-id=\"c9b10a6\" data-element_type=\"widget\" data-settings=\"{&quot;_animation&quot;:&quot;fadeInLeft&quot;}\" data-widget_type=\"image.default\">\n\t\t\t\t<div class=\"elementor-widget-container\">\n\t\t\t<style>\/*! elementor - v3.16.0 - 20-09-2023 *\/\n.elementor-widget-image{text-align:center}.elementor-widget-image a{display:inline-block}.elementor-widget-image a img[src$=\".svg\"]{width:48px}.elementor-widget-image img{vertical-align:middle;display:inline-block}<\/style>\t\t\t\t\t\t\t\t\t\t\t\t<img decoding=\"async\" loading=\"lazy\" width=\"2560\" height=\"1706\" src=\"https:\/\/sezer-grill.de\/wp-content\/uploads\/2023\/10\/DSC_0648-scaled.jpg\" class=\"attachment-full size-full wp-image-902\" alt=\"\" srcset=\"https:\/\/sezer-grill.de\/wp-content\/uploads\/2023\/10\/DSC_0648-scaled.jpg 2560w, https:\/\/sezer-grill.de\/wp-content\/uploads\/2023\/10\/DSC_0648-300x200.jpg 300w, https:\/\/sezer-grill.de\/wp-content\/uploads\/2023\/10\/DSC_0648-1024x682.jpg 1024w, https:\/\/sezer-grill.de\/wp-content\/uploads\/2023\/10\/DSC_0648-768x512.jpg 768w, https:\/\/sezer-grill.de\/wp-content\/uploads\/2023\/10\/DSC_0648-1536x1024.jpg 1536w, https:\/\/sezer-grill.de\/wp-content\/uploads\/2023\/10\/DSC_0648-2048x1365.jpg 2048w\" sizes=\"(max-width: 2560px) 100vw, 2560px\" \/>\t\t\t\t\t\t\t\t\t\t\t\t\t\t\t<\/div>\n\t\t\t\t<\/div>\n\t\t\t\t<\/div>\n\t\t<div class=\"elementor-element elementor-element-4e532bd e-con-full e-flex e-con e-child\" data-id=\"4e532bd\" data-element_type=\"container\" data-settings=\"{&quot;content_width&quot;:&quot;full&quot;}\">\n\t\t\t\t<div class=\"elementor-element elementor-element-d510bc6 elementor-widget elementor-widget-spacer\" data-id=\"d510bc6\" data-element_type=\"widget\" data-widget_type=\"spacer.default\">\n\t\t\t\t<div class=\"elementor-widget-container\">\n\t\t\t\t\t<div class=\"elementor-spacer\">\n\t\t\t<div class=\"elementor-spacer-inner\"><\/div>\n\t\t<\/div>\n\t\t\t\t<\/div>\n\t\t\t\t<\/div>\n\t\t\t\t<div class=\"elementor-element elementor-element-9248a15 elementor-invisible elementor-widget elementor-widget-image\" data-id=\"9248a15\" data-element_type=\"widget\" data-settings=\"{&quot;_animation&quot;:&quot;fadeInRight&quot;}\" data-widget_type=\"image.default\">\n\t\t\t\t<div class=\"elementor-widget-container\">\n\t\t\t\t\t\t\t\t\t\t\t\t\t\t\t<img decoding=\"async\" loading=\"lazy\" width=\"2502\" height=\"1821\" src=\"https:\/\/sezer-grill.de\/wp-content\/uploads\/2023\/10\/DSC_0646-2.jpg\" class=\"attachment-full size-full wp-image-903\" alt=\"\" srcset=\"https:\/\/sezer-grill.de\/wp-content\/uploads\/2023\/10\/DSC_0646-2.jpg 2502w, https:\/\/sezer-grill.de\/wp-content\/uploads\/2023\/10\/DSC_0646-2-300x218.jpg 300w, https:\/\/sezer-grill.de\/wp-content\/uploads\/2023\/10\/DSC_0646-2-1024x745.jpg 1024w, https:\/\/sezer-grill.de\/wp-content\/uploads\/2023\/10\/DSC_0646-2-768x559.jpg 768w, https:\/\/sezer-grill.de\/wp-content\/uploads\/2023\/10\/DSC_0646-2-1536x1118.jpg 1536w, https:\/\/sezer-grill.de\/wp-content\/uploads\/2023\/10\/DSC_0646-2-2048x1491.jpg 2048w\" sizes=\"(max-width: 2502px) 100vw, 2502px\" \/>\t\t\t\t\t\t\t\t\t\t\t\t\t\t\t<\/div>\n\t\t\t\t<\/div>\n\t\t\t\t<div class=\"elementor-element elementor-element-d1d9d02 elementor-widget elementor-widget-spacer\" data-id=\"d1d9d02\" data-element_type=\"widget\" data-widget_type=\"spacer.default\">\n\t\t\t\t<div class=\"elementor-widget-container\">\n\t\t\t\t\t<div class=\"elementor-spacer\">\n\t\t\t<div class=\"elementor-spacer-inner\"><\/div>\n\t\t<\/div>\n\t\t\t\t<\/div>\n\t\t\t\t<\/div>\n\t\t\t\t<div class=\"elementor-element elementor-element-2f86c34 elementor-invisible elementor-widget elementor-widget-text-editor\" data-id=\"2f86c34\" data-element_type=\"widget\" data-settings=\"{&quot;_animation&quot;:&quot;fadeInUp&quot;}\" data-widget_type=\"text-editor.default\">\n\t\t\t\t<div class=\"elementor-widget-container\">\n\t\t\t\t\t\t\t<p>Unsere Reise begann vor \u00fcber zwei Jahrzehnten, und seitdem haben wir unerm\u00fcdlich an der Perfektionierung unserer D\u00f6nerkunst gearbeitet. Bei Sezer Grill dreht sich alles um frische Zutaten, authentische Rezepte und die Liebe zum Detail. Unser D\u00f6nerfleisch wird mit Sorgfalt und Leidenschaft zubereitet, und unsere hausgemachten Saucen verleihen jedem Bissen den perfekten Geschmack.<\/p><p>Wir sind stolz darauf, dass Sezer Grill bereits in der Zeitung erw\u00e4hnt wurde, aber unsere gr\u00f6\u00dfte Anerkennung sind unsere gesch\u00e4tzten G\u00e4ste. Wir sch\u00e4tzen die Gelegenheit, Sie willkommen zu hei\u00dfen und unsere Leidenschaft f\u00fcr gutes Essen mit Ihnen zu teilen.<\/p>\t\t\t\t\t\t<\/div>\n\t\t\t\t<\/div>\n\t\t\t\t<\/div>\n\t\t\t\t\t<\/div>\n\t\t\t\t<\/div>\n\t\t\t\t\t\t\t<\/div>\n\t\t","protected":false},"excerpt":{"rendered":"<p>Sezer Grill Willkommen bei Sezer Grill, dem Herzen von Giengen! Unser Familienbetrieb \u00f6ffnete 1997 seine T\u00fcren und hat sich seitdem zu einem kulinarischen Wahrzeichen in unserer Stadt entwickelt. Unsere Geschichte ist von Tradition, Hingabe und dem Streben nach Geschmack gepr\u00e4gt. Unser Imbiss ist mehr als nur ein Ort zum Essen; er ist ein Treffpunkt f\u00fcr &hellip;<\/p>\n<p class=\"read-more\"> <a class=\"\" href=\"https:\/\/sezer-grill.de\/?page_id=19\"> <span class=\"screen-reader-text\">\u00dcber uns<\/span> Weiterlesen &raquo;<\/a><\/p>\n","protected":false},"author":1,"featured_media":0,"parent":0,"menu_order":0,"comment_status":"closed","ping_status":"closed","template":"","meta":{"site-sidebar-layout":"no-sidebar","site-content-layout":"page-builder","ast-site-content-layout":"full-width-container","site-content-style":"unboxed","site-sidebar-style":"unboxed","ast-global-header-display":"","ast-banner-title-visibility":"","ast-main-header-display":"","ast-hfb-above-header-display":"","ast-hfb-below-header-display":"","ast-hfb-mobile-header-display":"","site-post-title":"disabled","ast-breadcrumbs-content":"disabled","ast-featured-img":"disabled","footer-sml-layout":"","theme-transparent-header-meta":"disabled","adv-header-id-meta":"","stick-header-meta":"","header-above-stick-meta":"","header-main-stick-meta":"","header-below-stick-meta":"","astra-migrate-meta-layouts":"set","footnotes":""},"_links":{"self":[{"href":"https:\/\/sezer-grill.de\/index.php?rest_route=\/wp\/v2\/pages\/19"}],"collection":[{"href":"https:\/\/sezer-grill.de\/index.php?rest_route=\/wp\/v2\/pages"}],"about":[{"href":"https:\/\/sezer-grill.de\/index.php?rest_route=\/wp\/v2\/types\/page"}],"author":[{"embeddable":true,"href":"https:\/\/sezer-grill.de\/index.php?rest_route=\/wp\/v2\/users\/1"}],"replies":[{"embeddable":true,"href":"https:\/\/sezer-grill.de\/index.php?rest_route=%2Fwp%2Fv2%2Fcomments&post=19"}],"version-history":[{"count":54,"href":"https:\/\/sezer-grill.de\/index.php?rest_route=\/wp\/v2\/pages\/19\/revisions"}],"predecessor-version":[{"id":1080,"href":"https:\/\/sezer-grill.de\/index.php?rest_route=\/wp\/v2\/pages\/19\/revisions\/1080"}],"wp:attachment":[{"href":"https:\/\/sezer-grill.de\/index.php?rest_route=%2Fwp%2Fv2%2Fmedia&parent=19"}],"curies":[{"name":"wp","href":"https:\/\/api.w.org\/{rel}","templated":true}]}}